{"id":9532,"date":"2024-04-06T11:01:35","date_gmt":"2024-04-06T11:01:35","guid":{"rendered":"https:\/\/starbalkans.org\/?page_id=9532"},"modified":"2024-10-19T10:16:49","modified_gmt":"2024-10-19T10:16:49","slug":"about-us","status":"publish","type":"page","link":"https:\/\/starbalkans.org\/sq\/about-us\/","title":{"rendered":"Rreth Nesh"},"content":{"rendered":"<div data-vc-full-width=\"true\" data-vc-full-width-init=\"false\" data-vc-stretch-content=\"true\"  data-effect=\"cesis_row_e_fade_stick\"  data-effect_depth=\"0.4\"   data-parallax_speed=\"0.4\"  data-vc-parallax-image=\"\" data-overlay=\"true\" data-overlay-color=\"rgba(101,149,191,0.58)\"  style=\"min-height:30vh ;\"  class=\"vc_row wpb_row vc_row-fluid vc_custom_1712407541940 vc_row-has-fill vc_row-o-content-middle vc_row-flex cesis_row_content_effect cesis_row_has_parallax cesis_row_has_overlay\"><div data-overlay=\"true\" data-overlay-color=\"#6b97bf\"  class=\"cesis_align_a_center wpb_animate_when_almost_visible wpb_flipInX flipInX wpb_column vc_column_container vc_col-sm-12\"><div class=\"vc_column-inner\"><div class=\"wpb_wrapper\">\n\t<div  class=\"wpb_single_image wpb_content_element vc_align_center\">\n\t\t\n\t\t<figure class=\"wpb_wrapper vc_figure\">\n\t\t\t<div class=\"vc_single_image-wrapper vc_box_rounded  vc_box_border_grey\"  ><img loading=\"lazy\" decoding=\"async\" width=\"842\" height=\"232\" src=\"https:\/\/starbalkans.org\/wp-content\/uploads\/2024\/03\/SB-Logo-White.png\" class=\"vc_single_image-img attachment-full\" alt=\"\" srcset=\"https:\/\/starbalkans.org\/wp-content\/uploads\/2024\/03\/SB-Logo-White.png 842w, https:\/\/starbalkans.org\/wp-content\/uploads\/2024\/03\/SB-Logo-White-300x83.png 300w, https:\/\/starbalkans.org\/wp-content\/uploads\/2024\/03\/SB-Logo-White-768x212.png 768w, https:\/\/starbalkans.org\/wp-content\/uploads\/2024\/03\/SB-Logo-White-500x138.png 500w\" sizes=\"auto, (max-width: 842px) 100vw, 842px\" \/><\/div>\n\t\t<\/figure>\n\t<\/div>\n<\/div><\/div><\/div><div class=\"tt-shape tt-shape-top\" data-negative=\"false\"><\/div><div class=\"tt-shape tt-shape-bottom\" data-negative=\"false\"><\/div><\/div><div class=\"vc_row-full-width vc_clearfix\"><\/div><div data-vc-full-width=\"true\" data-vc-full-width-init=\"false\" class=\"vc_row wpb_row vc_row-fluid vc_custom_1566913913879 vc_row-has-fill\"><div class=\"wpb_column vc_column_container vc_col-sm-12\"><div class=\"vc_column-inner\"><div class=\"wpb_wrapper\"><h3 style=\"font-size: 36px;line-height: 40px;text-align: left;font-family:Open Sans;font-weight:300;font-style:normal; letter-spacing:0px; \" class=\"vc_custom_heading cesis_text_transform_none vc_custom_1712401278821 cesis_ar_text\" data-max_size=\"36px\" data-min_size=\"30\" >Kush Jemi Ne?<\/h3><div class=\"cesis_line_divider_ctn     cesis_line_d_left\" style=\"width:100px; height:1px; margin-top:0px; margin-bottom:19px;\" data-delay=\"0\"><span class=\"cesis_line_divider\" style=\"width:100%; height:1px; background:#4285f4\"><\/span><\/div>\n\t<div class=\"wpb_text_column wpb_content_element  cesis_text_transform_none\" style=\" color:#575757;  line-height:34px;  \">\n\t\t<div class=\"wpb_wrapper\">\n\t\t\t<p><strong>StarBalkans<\/strong> StarBalkans \u00ebsht\u00eb nj\u00eb organizat\u00eb jo-fitimprur\u00ebse e p\u00ebrkushtuar ndaj p\u00ebrmir\u00ebsimit dhe avancimit t\u00eb edukimit n\u00eb Shqip\u00ebri dhe rajonin e Ballkanit. Me nj\u00eb fokus t\u00eb ve\u00e7ant\u00eb n\u00eb organizimin e konkurseve, olimpiadave, dhe projekteve zhvillimore, ne ofrojm\u00eb platforma inovative dhe mund\u00ebsi unike p\u00ebr nx\u00ebn\u00ebsit dhe student\u00ebt q\u00eb t\u00eb shfaqin talentin e tyre dhe t\u00eb zhvillojn\u00eb njohurit\u00eb e tyre n\u00eb fusha t\u00eb ndryshme akademike dhe profesionale.<\/p>\n<p><strong>Misioni Yn\u00eb<\/strong> \u00ebsht\u00eb t\u00eb krijojm\u00eb nj\u00eb mjedis ku \u00e7do student t\u00eb ket\u00eb mund\u00ebsin\u00eb t\u00eb p\u00ebrmir\u00ebsoj\u00eb aft\u00ebsit\u00eb e tij p\u00ebrmes aktiviteteve konkurruese dhe edukative q\u00eb stimulojn\u00eb kreativitetin, mendimin kritik dhe zhvillimin personal.<\/p>\n<p><strong>Vizioni Yn\u00eb<\/strong> \u00ebsht\u00eb t\u00eb kontribuojm\u00eb n\u00eb formimin e nj\u00eb gjenerate t\u00eb re lider\u00ebsh dhe profesionist\u00ebsh, t\u00eb p\u00ebrgatitur p\u00ebr sfidat e shekullit t\u00eb 21-t\u00eb, p\u00ebrmes mund\u00ebsive arsimore cil\u00ebsore dhe p\u00ebrvojave nd\u00ebrkomb\u00ebtare.<br \/>\nN\u00ebp\u00ebrmjet programeve tona dhe bashk\u00ebpunimeve me institucione arsimore dhe organizata nd\u00ebrkomb\u00ebtare, ne vazhdojm\u00eb t\u00eb sjellim projekte dhe aktivitete q\u00eb promovojn\u00eb edukimin, inovacionin dhe zhvillimin e vazhduesh\u00ebm t\u00eb student\u00ebve.<\/p>\n<p>&nbsp;<\/p>\n<p><strong>Vlerat tona<\/strong> p\u00ebrfshijn\u00eb:<\/p>\n<ul>\n<li><strong>P\u00ebrsosm\u00ebria n\u00eb \u00e7do projekt q\u00eb nd\u00ebrmarrim<\/strong><\/li>\n<li><strong>Barazia e mund\u00ebsive p\u00ebr \u00e7do student<\/strong><\/li>\n<li><strong>Angazhimi n\u00eb komunitet p\u00ebr t\u00eb nxitur progresin n\u00eb edukim<\/strong><\/li>\n<li><strong>Nd\u00ebrkomb\u00ebtarizimi si nj\u00eb ur\u00eb lidh\u00ebse mes rajonit dhe bot\u00ebs<\/strong><\/li>\n<\/ul>\n<p>Me nj\u00eb p\u00ebrkushtim t\u00eb palodhur p\u00ebr t\u00eb p\u00ebrmir\u00ebsuar standardet e arsimit dhe p\u00ebr t\u00eb krijuar mund\u00ebsi p\u00ebr t\u00eb rinjt\u00eb, StarBalkans synon t\u00eb jet\u00eb nj\u00eb lider n\u00eb zhvillimin e projekteve edukative n\u00eb Shqip\u00ebri dhe p\u00ebrtej.<\/p>\n<p>&nbsp;<\/p>\n<p><em><strong>StarBalkans &#8211; Global Vision, Local Impact<\/strong><\/em><\/p>\n<p>&nbsp;<\/p>\n\n\t\t<\/div>\n\t<\/div>\n<\/div><\/div><\/div><div class=\"tt-shape tt-shape-top\" data-negative=\"false\"><\/div><div class=\"tt-shape tt-shape-bottom\" data-negative=\"false\"><\/div><\/div><div class=\"vc_row-full-width vc_clearfix\"><\/div><div data-vc-full-width=\"true\" data-vc-full-width-init=\"false\" class=\"vc_row wpb_row vc_row-fluid vc_custom_1566914251151 vc_row-has-fill vc_row-o-content-middle vc_row-flex\"><div class=\"wpb_column vc_column_container vc_col-sm-12\"><div class=\"vc_column-inner vc_custom_1563311655320\"><div class=\"wpb_wrapper\"><div class=\"cesis_line_divider_ctn     cesis_line_d_center\" style=\"width:550px; height:2px; margin-top:0px; margin-bottom:0px;\" data-delay=\"0\"><span class=\"cesis_line_divider\" style=\"width:100%; height:2px; background:#ffffff\"><\/span><\/div><\/div><\/div><\/div><div class=\"tt-shape tt-shape-top\" data-negative=\"false\"><\/div><div class=\"tt-shape tt-shape-bottom\" data-negative=\"false\"><\/div><\/div><div class=\"vc_row-full-width vc_clearfix\"><\/div>","protected":false},"excerpt":{"rendered":"Who we are ? StarBalkans is a non-profit organization dedicated to improving and advancing education in Albania and the Balkan region. With a special focus on organizing competitions, olympiads, and development projects, we offer innovative platforms and unique opportunities for students to showcase their talent and develop their knowledge in various academic and professional fields. [...]","protected":false},"author":1,"featured_media":0,"parent":0,"menu_order":0,"comment_status":"closed","ping_status":"closed","template":"","meta":{"om_disable_all_campaigns":false,"_monsterinsights_skip_tracking":false,"_monsterinsights_sitenote_active":false,"_monsterinsights_sitenote_note":"","_monsterinsights_sitenote_category":0,"_uf_show_specific_survey":0,"_uf_disable_surveys":false,"footnotes":""},"class_list":["post-9532","page","type-page","status-publish","hentry"],"aioseo_notices":[],"_links":{"self":[{"href":"https:\/\/starbalkans.org\/sq\/wp-json\/wp\/v2\/pages\/9532","targetHints":{"allow":["GET"]}}],"collection":[{"href":"https:\/\/starbalkans.org\/sq\/wp-json\/wp\/v2\/pages"}],"about":[{"href":"https:\/\/starbalkans.org\/sq\/wp-json\/wp\/v2\/types\/page"}],"author":[{"embeddable":true,"href":"https:\/\/starbalkans.org\/sq\/wp-json\/wp\/v2\/users\/1"}],"replies":[{"embeddable":true,"href":"https:\/\/starbalkans.org\/sq\/wp-json\/wp\/v2\/comments?post=9532"}],"version-history":[{"count":1,"href":"https:\/\/starbalkans.org\/sq\/wp-json\/wp\/v2\/pages\/9532\/revisions"}],"predecessor-version":[{"id":9716,"href":"https:\/\/starbalkans.org\/sq\/wp-json\/wp\/v2\/pages\/9532\/revisions\/9716"}],"wp:attachment":[{"href":"https:\/\/starbalkans.org\/sq\/wp-json\/wp\/v2\/media?parent=9532"}],"curies":[{"name":"wp","href":"https:\/\/api.w.org\/{rel}","templated":true}]}}