{"id":9564,"date":"2024-04-06T12:37:11","date_gmt":"2024-04-06T12:37:11","guid":{"rendered":"https:\/\/starbalkans.org\/?page_id=9564"},"modified":"2024-04-06T12:41:29","modified_gmt":"2024-04-06T12:41:29","slug":"english-language-competition","status":"publish","type":"page","link":"https:\/\/starbalkans.org\/sq\/english-language-competition\/","title":{"rendered":"English Language Competition"},"content":{"rendered":"<div data-vc-full-width=\"true\" data-vc-full-width-init=\"false\" data-vc-stretch-content=\"true\"  data-effect=\"cesis_row_e_fade_stick\"  data-effect_depth=\"0.4\"   data-parallax_speed=\"0.4\"  data-vc-parallax-image=\"\" data-overlay=\"true\" data-overlay-color=\"rgba(101,149,191,0.58)\"  style=\"min-height:30vh ;\"  class=\"vc_row wpb_row vc_row-fluid vc_custom_1712406870922 vc_row-has-fill vc_row-o-content-middle vc_row-flex cesis_row_content_effect cesis_row_has_parallax cesis_row_has_overlay\"><div data-overlay=\"true\" data-overlay-color=\"#6b97bf\"  class=\"cesis_align_a_center wpb_animate_when_almost_visible wpb_flipInX flipInX wpb_column vc_column_container vc_col-sm-12\"><div class=\"vc_column-inner\"><div class=\"wpb_wrapper\">\n\t<div  class=\"wpb_single_image wpb_content_element vc_align_center\">\n\t\t\n\t\t<figure class=\"wpb_wrapper vc_figure\">\n\t\t\t<div class=\"vc_single_image-wrapper vc_box_rounded  vc_box_border_grey\"  ><img loading=\"lazy\" decoding=\"async\" width=\"842\" height=\"232\" src=\"https:\/\/starbalkans.org\/wp-content\/uploads\/2024\/03\/SB-Logo-White.png\" class=\"vc_single_image-img attachment-full\" alt=\"\" srcset=\"https:\/\/starbalkans.org\/wp-content\/uploads\/2024\/03\/SB-Logo-White.png 842w, https:\/\/starbalkans.org\/wp-content\/uploads\/2024\/03\/SB-Logo-White-300x83.png 300w, https:\/\/starbalkans.org\/wp-content\/uploads\/2024\/03\/SB-Logo-White-768x212.png 768w, https:\/\/starbalkans.org\/wp-content\/uploads\/2024\/03\/SB-Logo-White-500x138.png 500w\" sizes=\"auto, (max-width: 842px) 100vw, 842px\" \/><\/div>\n\t\t<\/figure>\n\t<\/div>\n<\/div><\/div><\/div><div class=\"tt-shape tt-shape-top\" data-negative=\"false\"><\/div><div class=\"tt-shape tt-shape-bottom\" data-negative=\"false\"><\/div><\/div><div class=\"vc_row-full-width vc_clearfix\"><\/div><div data-vc-full-width=\"true\" data-vc-full-width-init=\"false\" class=\"vc_row wpb_row vc_row-fluid vc_custom_1566913913879 vc_row-has-fill\"><div class=\"wpb_column vc_column_container vc_col-sm-6\"><div class=\"vc_column-inner\"><div class=\"wpb_wrapper\"><h3 style=\"font-size: 36px;line-height: 40px;text-align: left;font-family:Open Sans;font-weight:300;font-style:normal; letter-spacing:0px; \" class=\"vc_custom_heading cesis_text_transform_none vc_custom_1712407004680 cesis_ar_text\" data-max_size=\"36px\" data-min_size=\"30\" >ENGLISH LANGUAGE COMPETITION<\/h3><div class=\"cesis_line_divider_ctn     cesis_line_d_left\" style=\"width:100px; height:1px; margin-top:0px; margin-bottom:19px;\" data-delay=\"0\"><span class=\"cesis_line_divider\" style=\"width:100%; height:1px; background:#4285f4\"><\/span><\/div>\n\t<div class=\"wpb_text_column wpb_content_element  cesis_text_transform_none\" style=\" color:#575757;  line-height:34px;  \">\n\t\t<div class=\"wpb_wrapper\">\n\t\t\t<p><span style=\"font-weight: 400;\">Kjo Olimpiad\u00eb u mbajt m\u00eb 27 janar 2024, ora 10:00, n\u00eb bashk\u00ebpunim me platform\u00ebn prestigjioze MASA p\u00ebr Provimet Nd\u00ebrkomb\u00ebtare (MIE). Fal\u00eb pun\u00ebs dhe p\u00ebrkushtimit t\u00eb StarBalkans, platforma MASA p\u00ebr Provimet Nd\u00ebrkomb\u00ebtare (MIE) ka krijuar teste t\u00eb Konkursit t\u00eb Gjuh\u00ebs Angleze ekskluzivisht p\u00ebr student\u00ebt shqiptar\u00eb. N\u00eb k\u00ebt\u00eb konkurs mor\u00ebn pjes\u00eb t\u00eb gjith\u00eb nx\u00ebn\u00ebsit e interesuar nga mosha 7 deri n\u00eb 18 vje\u00e7.<\/span><\/p>\n<p><span style=\"font-weight: 400;\">Pjes\u00ebmarr\u00ebsit u ndan\u00eb n\u00eb 3 grupe p\u00ebrkat\u00ebse:<\/span><\/p>\n<p><span style=\"font-weight: 400;\">\u00d8<\/span><span style=\"font-weight: 400;\">\u00a0 <\/span><span style=\"font-weight: 400;\">Grupi i par\u00eb: Nx\u00ebn\u00ebsit nga klasa 1-4,<\/span><\/p>\n<p><span style=\"font-weight: 400;\">\u00d8<\/span><span style=\"font-weight: 400;\">\u00a0 <\/span><span style=\"font-weight: 400;\">Grupi i dyt\u00eb: Nx\u00ebn\u00ebsit nga klasa 5-9,<\/span><\/p>\n<p><span style=\"font-weight: 400;\">\u00d8<\/span><span style=\"font-weight: 400;\">\u00a0 <\/span><span style=\"font-weight: 400;\">Grupi i tret\u00eb: Nx\u00ebn\u00ebsit nga klasa 10-12,<\/span><\/p>\n<p><b>5% of<\/b><span style=\"font-weight: 400;\"> e pjes\u00ebmarr\u00ebsve nga \u00e7do grup q\u00eb mor\u00ebn numrin m\u00eb t\u00eb lart\u00eb t\u00eb pik\u00ebve u shp\u00ebrblyen me certifikat\u00eb dhe medalje t\u00eb art\u00eb. 10% u shp\u00ebrblyen me certifikat\u00eb dhe medalje t\u00eb argjendt\u00eb, dhe 15% t\u00eb tjer\u00eb u shp\u00ebrblyen me certifikat\u00eb dhe medalje t\u00eb bronzt\u00eb.<\/span><\/p>\n<p><span style=\"font-weight: 400;\">T\u00eb gjith\u00eb pjes\u00ebmarr\u00ebsit q\u00eb nuk kan\u00eb fituar medalje jan\u00eb pajisur me certifikat\u00eb pjes\u00ebmarrjeje.<\/span><\/p>\n<p>&nbsp;<\/p>\n\n\t\t<\/div>\n\t<\/div>\n<\/div><\/div><\/div><div class=\"wpb_column vc_column_container vc_col-sm-6\"><div class=\"vc_column-inner vc_custom_1712407279456\"><div class=\"wpb_wrapper\">\n\t<div  class=\"wpb_single_image wpb_content_element vc_align_left\">\n\t\t\n\t\t<figure class=\"wpb_wrapper vc_figure\">\n\t\t\t<div class=\"vc_single_image-wrapper   vc_box_border_grey\"  ><img loading=\"lazy\" decoding=\"async\" width=\"1080\" height=\"1080\" src=\"https:\/\/starbalkans.org\/wp-content\/uploads\/2019\/08\/englsih-1.jpg\" class=\"vc_single_image-img attachment-full\" alt=\"\" srcset=\"https:\/\/starbalkans.org\/wp-content\/uploads\/2019\/08\/englsih-1.jpg 1080w, https:\/\/starbalkans.org\/wp-content\/uploads\/2019\/08\/englsih-1-300x300.jpg 300w, https:\/\/starbalkans.org\/wp-content\/uploads\/2019\/08\/englsih-1-1024x1024.jpg 1024w, https:\/\/starbalkans.org\/wp-content\/uploads\/2019\/08\/englsih-1-150x150.jpg 150w, https:\/\/starbalkans.org\/wp-content\/uploads\/2019\/08\/englsih-1-768x768.jpg 768w, https:\/\/starbalkans.org\/wp-content\/uploads\/2019\/08\/englsih-1-180x180.jpg 180w, https:\/\/starbalkans.org\/wp-content\/uploads\/2019\/08\/englsih-1-500x500.jpg 500w, https:\/\/starbalkans.org\/wp-content\/uploads\/2019\/08\/englsih-1-1000x1000.jpg 1000w\" sizes=\"auto, (max-width: 1080px) 100vw, 1080px\" \/><\/div>\n\t\t<\/figure>\n\t<\/div>\n<\/div><\/div><\/div><div class=\"tt-shape tt-shape-top\" data-negative=\"false\"><\/div><div class=\"tt-shape tt-shape-bottom\" data-negative=\"false\"><\/div><\/div><div class=\"vc_row-full-width vc_clearfix\"><\/div><div data-vc-full-width=\"true\" data-vc-full-width-init=\"false\" class=\"vc_row wpb_row vc_row-fluid vc_custom_1566914251151 vc_row-has-fill vc_row-o-content-middle vc_row-flex\"><div class=\"wpb_column vc_column_container vc_col-sm-12\"><div class=\"vc_column-inner vc_custom_1563311655320\"><div class=\"wpb_wrapper\"><div class=\"cesis_line_divider_ctn     cesis_line_d_center\" style=\"width:550px; height:2px; margin-top:0px; margin-bottom:0px;\" data-delay=\"0\"><span class=\"cesis_line_divider\" style=\"width:100%; height:2px; background:#ffffff\"><\/span><\/div><\/div><\/div><\/div><div class=\"tt-shape tt-shape-top\" data-negative=\"false\"><\/div><div class=\"tt-shape tt-shape-bottom\" data-negative=\"false\"><\/div><\/div><div class=\"vc_row-full-width vc_clearfix\"><\/div>","protected":false},"excerpt":{"rendered":"ENGLISH LANGUAGE COMPETITION This Olympiad was held on January 27, 2024 at 10:00 AM, in collaboration with the prestigious platform MASA for International Exams (MIE).Thanks to the work and dedication of StarBalkans, the MASA for International Exams (MIE) platform has created English Language Competition tests exclusively for Albanian students. All interested students from the age [...]","protected":false},"author":1,"featured_media":0,"parent":0,"menu_order":0,"comment_status":"closed","ping_status":"closed","template":"","meta":{"om_disable_all_campaigns":false,"_monsterinsights_skip_tracking":false,"_monsterinsights_sitenote_active":false,"_monsterinsights_sitenote_note":"","_monsterinsights_sitenote_category":0,"_uf_show_specific_survey":0,"_uf_disable_surveys":false,"footnotes":""},"class_list":["post-9564","page","type-page","status-publish","hentry"],"aioseo_notices":[],"_links":{"self":[{"href":"https:\/\/starbalkans.org\/sq\/wp-json\/wp\/v2\/pages\/9564","targetHints":{"allow":["GET"]}}],"collection":[{"href":"https:\/\/starbalkans.org\/sq\/wp-json\/wp\/v2\/pages"}],"about":[{"href":"https:\/\/starbalkans.org\/sq\/wp-json\/wp\/v2\/types\/page"}],"author":[{"embeddable":true,"href":"https:\/\/starbalkans.org\/sq\/wp-json\/wp\/v2\/users\/1"}],"replies":[{"embeddable":true,"href":"https:\/\/starbalkans.org\/sq\/wp-json\/wp\/v2\/comments?post=9564"}],"version-history":[{"count":0,"href":"https:\/\/starbalkans.org\/sq\/wp-json\/wp\/v2\/pages\/9564\/revisions"}],"wp:attachment":[{"href":"https:\/\/starbalkans.org\/sq\/wp-json\/wp\/v2\/media?parent=9564"}],"curies":[{"name":"wp","href":"https:\/\/api.w.org\/{rel}","templated":true}]}}