{"id":9617,"date":"2024-04-08T10:12:30","date_gmt":"2024-04-08T10:12:30","guid":{"rendered":"https:\/\/starbalkans.org\/?page_id=9617"},"modified":"2024-04-16T10:14:50","modified_gmt":"2024-04-16T10:14:50","slug":"our-vision","status":"publish","type":"page","link":"https:\/\/starbalkans.org\/sq\/our-vision\/","title":{"rendered":"Our Vision"},"content":{"rendered":"<div data-vc-full-width=\"true\" data-vc-full-width-init=\"false\" data-vc-stretch-content=\"true\"  data-effect=\"cesis_row_e_fade_stick\"  data-effect_depth=\"0.4\"   data-parallax_speed=\"0.4\"  data-vc-parallax-image=\"\" data-overlay=\"true\" data-overlay-color=\"rgba(101,149,191,0.58)\"  style=\"min-height:30vh ;\"  class=\"vc_row wpb_row vc_row-fluid vc_custom_1712407541940 vc_row-has-fill vc_row-o-content-middle vc_row-flex cesis_row_content_effect cesis_row_has_parallax cesis_row_has_overlay\"><div data-overlay=\"true\" data-overlay-color=\"#6b97bf\"  class=\"cesis_align_a_center wpb_animate_when_almost_visible wpb_flipInX flipInX wpb_column vc_column_container vc_col-sm-12\"><div class=\"vc_column-inner\"><div class=\"wpb_wrapper\">\n\t<div  class=\"wpb_single_image wpb_content_element vc_align_center\">\n\t\t\n\t\t<figure class=\"wpb_wrapper vc_figure\">\n\t\t\t<div class=\"vc_single_image-wrapper vc_box_rounded  vc_box_border_grey\"  ><img loading=\"lazy\" decoding=\"async\" width=\"842\" height=\"232\" src=\"https:\/\/starbalkans.org\/wp-content\/uploads\/2024\/03\/SB-Logo-White.png\" class=\"vc_single_image-img attachment-full\" alt=\"\" srcset=\"https:\/\/starbalkans.org\/wp-content\/uploads\/2024\/03\/SB-Logo-White.png 842w, https:\/\/starbalkans.org\/wp-content\/uploads\/2024\/03\/SB-Logo-White-300x83.png 300w, https:\/\/starbalkans.org\/wp-content\/uploads\/2024\/03\/SB-Logo-White-768x212.png 768w, https:\/\/starbalkans.org\/wp-content\/uploads\/2024\/03\/SB-Logo-White-500x138.png 500w\" sizes=\"auto, (max-width: 842px) 100vw, 842px\" \/><\/div>\n\t\t<\/figure>\n\t<\/div>\n<\/div><\/div><\/div><div class=\"tt-shape tt-shape-top\" data-negative=\"false\"><\/div><div class=\"tt-shape tt-shape-bottom\" data-negative=\"false\"><\/div><\/div><div class=\"vc_row-full-width vc_clearfix\"><\/div><div data-vc-full-width=\"true\" data-vc-full-width-init=\"false\" class=\"vc_row wpb_row vc_row-fluid vc_custom_1566913913879 vc_row-has-fill\"><div class=\"wpb_column vc_column_container vc_col-sm-12\"><div class=\"vc_column-inner\"><div class=\"wpb_wrapper\"><h3 style=\"font-size: 36px;line-height: 40px;text-align: center;font-family:Open Sans;font-weight:300;font-style:normal; letter-spacing:0px; \" class=\"vc_custom_heading cesis_text_transform_none vc_custom_1712571084625 cesis_ar_text\" data-max_size=\"36px\" data-min_size=\"30\" >Vizioni Yn\u00eb<\/h3><div class=\"cesis_line_divider_ctn     cesis_line_d_center\" style=\"width:100px; height:1px; margin-top:0px; margin-bottom:19px;\" data-delay=\"0\"><span class=\"cesis_line_divider\" style=\"width:100%; height:1px; background:#4285f4\"><\/span><\/div>\n\t<div class=\"wpb_text_column wpb_content_element  cesis_text_transform_none\" style=\" color:#575757;  line-height:34px;  \">\n\t\t<div class=\"wpb_wrapper\">\n\t\t\t<p style=\"text-align: center;\">&#8220;<strong>StarBalkans<\/strong> synon t\u00eb revolucionarizoj\u00eb arsimin duke zbatuar metodologji nd\u00ebrkomb\u00ebtare me ndikim n\u00eb shoq\u00ebri p\u00ebrmes edukimit inovativ.\u201d<\/p>\n\n\t\t<\/div>\n\t<\/div>\n<div class=\"vc_empty_space\"   style=\"height: 32px\"><span class=\"vc_empty_space_inner\"><\/span><\/div><\/div><\/div><\/div><div class=\"tt-shape tt-shape-top\" data-negative=\"false\"><\/div><div class=\"tt-shape tt-shape-bottom\" data-negative=\"false\"><\/div><\/div><div class=\"vc_row-full-width vc_clearfix\"><\/div><div data-vc-full-width=\"true\" data-vc-full-width-init=\"false\" class=\"vc_row wpb_row vc_row-fluid vc_custom_1566914251151 vc_row-has-fill vc_row-o-content-middle vc_row-flex\"><div class=\"wpb_column vc_column_container vc_col-sm-12\"><div class=\"vc_column-inner vc_custom_1563311655320\"><div class=\"wpb_wrapper\"><div class=\"cesis_line_divider_ctn     cesis_line_d_center\" style=\"width:550px; height:2px; margin-top:0px; margin-bottom:0px;\" data-delay=\"0\"><span class=\"cesis_line_divider\" style=\"width:100%; height:2px; background:#ffffff\"><\/span><\/div><\/div><\/div><\/div><div class=\"tt-shape tt-shape-top\" data-negative=\"false\"><\/div><div class=\"tt-shape tt-shape-bottom\" data-negative=\"false\"><\/div><\/div><div class=\"vc_row-full-width vc_clearfix\"><\/div>","protected":false},"excerpt":{"rendered":"Our Vision! \"StarBalkans aims to revolutionize education by implementing international methodology with an impact on society through innovative education.\"","protected":false},"author":1,"featured_media":0,"parent":0,"menu_order":0,"comment_status":"closed","ping_status":"closed","template":"","meta":{"om_disable_all_campaigns":false,"_monsterinsights_skip_tracking":false,"_monsterinsights_sitenote_active":false,"_monsterinsights_sitenote_note":"","_monsterinsights_sitenote_category":0,"_uf_show_specific_survey":0,"_uf_disable_surveys":false,"footnotes":""},"class_list":["post-9617","page","type-page","status-publish","hentry"],"aioseo_notices":[],"_links":{"self":[{"href":"https:\/\/starbalkans.org\/sq\/wp-json\/wp\/v2\/pages\/9617","targetHints":{"allow":["GET"]}}],"collection":[{"href":"https:\/\/starbalkans.org\/sq\/wp-json\/wp\/v2\/pages"}],"about":[{"href":"https:\/\/starbalkans.org\/sq\/wp-json\/wp\/v2\/types\/page"}],"author":[{"embeddable":true,"href":"https:\/\/starbalkans.org\/sq\/wp-json\/wp\/v2\/users\/1"}],"replies":[{"embeddable":true,"href":"https:\/\/starbalkans.org\/sq\/wp-json\/wp\/v2\/comments?post=9617"}],"version-history":[{"count":0,"href":"https:\/\/starbalkans.org\/sq\/wp-json\/wp\/v2\/pages\/9617\/revisions"}],"wp:attachment":[{"href":"https:\/\/starbalkans.org\/sq\/wp-json\/wp\/v2\/media?parent=9617"}],"curies":[{"name":"wp","href":"https:\/\/api.w.org\/{rel}","templated":true}]}}