{"id":9721,"date":"2024-10-28T17:56:44","date_gmt":"2024-10-28T17:56:44","guid":{"rendered":"https:\/\/starbalkans.org\/?page_id=9721"},"modified":"2024-11-01T10:36:35","modified_gmt":"2024-11-01T10:36:35","slug":"english-language-competition-ii","status":"publish","type":"page","link":"https:\/\/starbalkans.org\/sq\/english-language-competition-ii\/","title":{"rendered":"English Language Competition II"},"content":{"rendered":"<section class=\"vc_section vc_custom_1730138483664 vc_row-o-full-height vc_section-o-content-top vc_section-flex\"><div class=\"vc_row wpb_row vc_row-fluid vc_row-o-full-height vc_row-o-columns-top vc_row-flex\"><div class=\"wpb_column vc_column_container vc_col-sm-7\"><div class=\"vc_column-inner\"><div class=\"wpb_wrapper\"><h2 style=\"text-align: left;font-family:Abril Fatface;font-weight:400;font-style:normal; letter-spacing:0px; \" class=\"vc_custom_heading cesis_text_transform_none\" >English Language Competition II<\/h2>\n\t<div class=\"wpb_text_column wpb_content_element  cesis_text_transform_none\" >\n\t\t<div class=\"wpb_wrapper\">\n\t\t\t<p><strong>StarBalkans<\/strong>, n\u00eb bashk\u00ebpunim me <strong>UK Book Publishing<\/strong> n\u00eb Angli, ka k\u00ebnaq\u00ebsin\u00eb t\u00eb shpall\u00eb edicionin e dyt\u00eb t\u00eb <strong>English Language Competition<\/strong>, i cili do t\u00eb mbahet m\u00eb <strong>09 N\u00ebntor 2024<\/strong>, n\u00eb or\u00ebn <strong>10:00 AM<\/strong>. Ky konkurs ofron nj\u00eb mund\u00ebsi unike p\u00ebr nx\u00ebn\u00ebsit tuaj, nga mosha 7 deri n\u00eb 18 vje\u00e7, p\u00ebr t\u00eb treguar dhe zhvilluar aft\u00ebsit\u00eb e tyre n\u00eb gjuh\u00ebn angleze p\u00ebrmes testimeve t\u00eb strukturuara dhe sfiduese, t\u00eb hartuara sipas standardeve nd\u00ebrkomb\u00ebtare.<\/p>\n<h3>P\u00ebrfitimet p\u00ebr Nx\u00ebn\u00ebsit tuaj:<\/h3>\n<ul>\n<li><strong>Zhvillimi i aft\u00ebsive gjuh\u00ebsore<\/strong>: P\u00ebrmir\u00ebsimi i njohurive n\u00eb anglisht p\u00ebrmes sfidave t\u00eb p\u00ebrshtatura p\u00ebr \u00e7do nivel shkollor.<\/li>\n<li><strong>Nxitja e mendimit kritik<\/strong>: Konkursi stimulon aft\u00ebsit\u00eb e zgjidhjes s\u00eb problemeve dhe mendimin kritik.<\/li>\n<li><strong>Motivimi p\u00ebr ekselenc\u00eb<\/strong>: Nj\u00eb mjedis konkurrues q\u00eb inkurajon performanc\u00ebn m\u00eb t\u00eb lart\u00eb.<\/li>\n<li><strong>\u00c7ertifikata dhe medalje<\/strong>: Nx\u00ebn\u00ebsit m\u00eb t\u00eb mir\u00eb do t\u00eb shp\u00ebrblehen me certifikata pjes\u00ebmarrjeje, medalje ari, argjendi, dhe bronzi.<\/li>\n<\/ul>\n<h3>Strukturimi i Nivelit t\u00eb Konkursit<\/h3>\n<p>Konkursi ndahet n\u00eb 6 nivele, duke p\u00ebrfshir\u00eb t\u00eb gjitha klasat nga 1 deri n\u00eb 12:<\/p>\n<ul>\n<li><strong>Niveli 1<\/strong>: Klasa 1-2<\/li>\n<li><strong>Niveli 2<\/strong>: Klasa 3-4<\/li>\n<li><strong>Niveli 3<\/strong>: Klasa 5-6<\/li>\n<li><strong>Niveli 4<\/strong>: Klasa 7-8<\/li>\n<li><strong>Niveli 5<\/strong>: Klasa 9-10<\/li>\n<li><strong>Niveli 6<\/strong>: Klasa 11-12<\/li>\n<\/ul>\n<h3>Medaljet dhe Shp\u00ebrblimet<\/h3>\n<ul>\n<li><strong>Medalje Ari<\/strong>: 5% e pjes\u00ebmarr\u00ebsve q\u00eb arrijn\u00eb pik\u00ebt m\u00eb t\u00eb larta.<\/li>\n<li><strong>Medalje Argjendi<\/strong>: 8% e pjes\u00ebmarr\u00ebsve me pik\u00ebt m\u00eb t\u00eb larta.<\/li>\n<li><strong>Medalje Bronz<\/strong>: 10% e pjes\u00ebmarr\u00ebsve me pik\u00ebt m\u00eb t\u00eb larta.<\/li>\n<li><strong>\u00c7ertifikata Pjes\u00ebmarrjeje<\/strong>: T\u00eb gjith\u00eb pjes\u00ebmarr\u00ebsit do t\u00eb marrin nj\u00eb certifikat\u00eb pjes\u00ebmarrjeje.<\/li>\n<\/ul>\n<h3>Kostoja e Pjes\u00ebmarrjes<\/h3>\n<ul>\n<li><strong>Tarifa e pjes\u00ebmarrjes<\/strong>: 2000 ALL<\/li>\n<li><strong>Koh\u00ebzgjatja e konkursit<\/strong>: 60 minuta<\/li>\n<\/ul>\n\n\t\t<\/div>\n\t<\/div>\n<\/div><\/div><\/div><div class=\"iframe-wrapper wpb_column vc_column_container vc_col-sm-5\"><div class=\"vc_column-inner\"><div class=\"wpb_wrapper\">\n\t<div class=\"wpb_raw_code wpb_content_element wpb_raw_html\" >\n\t\t<div class=\"wpb_wrapper\">\n\t\t\t<iframe style=\"border: 0px;\" src=\"https:\/\/my.eduriv.com\/starbalkans\/register\"><\/iframe>\n\t\t<\/div>\n\t<\/div>\n<\/div><\/div><\/div><div class=\"tt-shape tt-shape-top\" data-negative=\"false\"><\/div><div class=\"tt-shape tt-shape-bottom\" data-negative=\"false\"><\/div><\/div><\/section>","protected":false},"excerpt":{"rendered":"English Language Competition II StarBalkans, n\u00eb bashk\u00ebpunim me UK Book Publishing n\u00eb Angli, ka k\u00ebnaq\u00ebsin\u00eb t\u00eb shpall\u00eb edicionin e dyt\u00eb t\u00eb English Language Competition, i cili do t\u00eb mbahet m\u00eb 09 N\u00ebntor 2024, n\u00eb or\u00ebn 10:00 AM. Ky konkurs ofron nj\u00eb mund\u00ebsi unike p\u00ebr nx\u00ebn\u00ebsit tuaj, nga mosha 7 deri n\u00eb 18 vje\u00e7, p\u00ebr t\u00eb [...]","protected":false},"author":1,"featured_media":0,"parent":0,"menu_order":0,"comment_status":"closed","ping_status":"closed","template":"","meta":{"om_disable_all_campaigns":false,"_monsterinsights_skip_tracking":false,"_monsterinsights_sitenote_active":false,"_monsterinsights_sitenote_note":"","_monsterinsights_sitenote_category":0,"_uf_show_specific_survey":0,"_uf_disable_surveys":false,"footnotes":""},"class_list":["post-9721","page","type-page","status-publish","hentry"],"aioseo_notices":[],"_links":{"self":[{"href":"https:\/\/starbalkans.org\/sq\/wp-json\/wp\/v2\/pages\/9721","targetHints":{"allow":["GET"]}}],"collection":[{"href":"https:\/\/starbalkans.org\/sq\/wp-json\/wp\/v2\/pages"}],"about":[{"href":"https:\/\/starbalkans.org\/sq\/wp-json\/wp\/v2\/types\/page"}],"author":[{"embeddable":true,"href":"https:\/\/starbalkans.org\/sq\/wp-json\/wp\/v2\/users\/1"}],"replies":[{"embeddable":true,"href":"https:\/\/starbalkans.org\/sq\/wp-json\/wp\/v2\/comments?post=9721"}],"version-history":[{"count":8,"href":"https:\/\/starbalkans.org\/sq\/wp-json\/wp\/v2\/pages\/9721\/revisions"}],"predecessor-version":[{"id":9729,"href":"https:\/\/starbalkans.org\/sq\/wp-json\/wp\/v2\/pages\/9721\/revisions\/9729"}],"wp:attachment":[{"href":"https:\/\/starbalkans.org\/sq\/wp-json\/wp\/v2\/media?parent=9721"}],"curies":[{"name":"wp","href":"https:\/\/api.w.org\/{rel}","templated":true}]}}