{"id":9743,"date":"2025-10-14T19:50:51","date_gmt":"2025-10-14T19:50:51","guid":{"rendered":"https:\/\/starbalkans.org\/?page_id=9743"},"modified":"2025-10-14T19:52:52","modified_gmt":"2025-10-14T19:52:52","slug":"projekti-i-ri-i-erasmus","status":"publish","type":"page","link":"https:\/\/starbalkans.org\/sq\/projekti-i-ri-i-erasmus\/","title":{"rendered":"Projekti I ri I Erasmus+"},"content":{"rendered":"<div class=\"vc_row wpb_row vc_row-fluid\"><div class=\"wpb_column vc_column_container vc_col-sm-12\"><div class=\"vc_column-inner\"><div class=\"wpb_wrapper\"><h2 style=\"text-align: center;font-family:Abril Fatface;font-weight:400;font-style:normal; letter-spacing:0px; \" class=\"vc_custom_heading cesis_text_transform_none\" >Projekti I ri I Erasmus+ : Fostering active youth participation in environmental advocacy<\/h2><\/div><\/div><\/div><div class=\"tt-shape tt-shape-top\" data-negative=\"false\"><\/div><div class=\"tt-shape tt-shape-bottom\" data-negative=\"false\"><\/div><\/div><div class=\"vc_row wpb_row vc_row-fluid\"><div class=\"wpb_column vc_column_container vc_col-sm-12\"><div class=\"vc_column-inner\"><div class=\"wpb_wrapper\">\n\t<div class=\"wpb_text_column wpb_content_element  cesis_text_transform_none\" style=\" color:#000000;  \">\n\t\t<div class=\"wpb_wrapper\">\n\t\t\t<p>&nbsp;<\/p>\n<p>Jemi t\u00eb emocionuar t\u00eb njoftojm\u00eb publikimin e prajektit ton\u00eb t\u00eb ri nga Erasmus+. Fostering active youth participation in environmental advocacy me num\u00ebr <strong>2025-1-BG01-KA154-YOU-\u00a0000305144).<br \/>Ky projekt fillon zyrtarisht t\u00eb zbatohet nga 1 shtator 2025 dhe me nj\u00eb koh\u00ebzgjatje deri m\u00eb 31 gusht 2026, duke b\u00ebr bashk\u00eb t\u00eb rinj nga Bullgaria, Shqip\u00ebria dhe Gjermania p\u00ebr t\u00eb nd\u00ebrmarr\u00eb hapa p\u00ebr nj\u00eb t\u00eb ardhme m\u00eb t\u00eb gjelb\u00ebr dhe me q\u00ebndrueshm\u00ebri m\u00eb t\u00eb lart\u00eb.<\/strong><\/p>\n<p><strong>\u00a0<\/strong><\/p>\n<p><strong>Kush jemi ne?<\/strong><\/p>\n<p>Ky projekt krdinohet nga A<strong>ssociation FOR YOU n\u00eb Bullgari n\u00eb partneritet me <\/strong><a href=\"https:\/\/www.aiforia.eu\/\">Aiforia \u2013 ecoculture e.V<\/a><strong> n\u00eb Gjermani dhe StarBalkans n\u00eb Shqip\u00ebri. S\u00eb bashku ne synojm t\u00eb fuqizojm\u00eb t\u00eb rinjt\u00eb t\u00eb ken\u00eb nj\u00eb rol udh\u00ebheq\u00ebs p\u00ebr zgjidhjen e sfidave locale mbi mjedisin.<\/strong><\/p>\n<p><strong>\u00a0<\/strong><\/p>\n<p><strong>Cfar d\u00ebshirojm\u00eb ne t\u00eb arrijm\u00eb?<br \/>Pergjat vitit, t\u00eb rinjt\u00eb do t\u00eb marrin pjes\u00eb n\u00eb:<br \/>1. Workshope\/ puntori locale (n\u00ebntor-dhjetor2025)n\u00eb secalin shtet ku do t\u00eb m\u00ebsojn\u00eb mbi riciklimin, p\u00ebr tu takuar me bashkit\u00eb dhe p\u00ebr t\u00eb vizituar nga af\u00ebr biznese dhe OJQ eco-friendly.<br \/>2. Q\u00ebndrimi n\u00eb Tiran\u00eb, Shqip\u00ebri nga 26-30janar 2026 n\u00eb nj\u00eb fushat\u00eb me rolin e t\u00eb rinj\u00ebve n\u00eb riciklim dhe menaxhimin e mbetjeve .<br \/>3. Fushata me drejtues t\u00eb rinj n\u00eb prill2026 n\u00eb Varna, Tiran\u00eb dhe Freiburg.<br \/>4. Q\u00ebndrim n\u00eb Varna t\u00eb Bullgaris\u00eb nga 29 prilli deri m\u00eb 3 maj 2026, me fokus n\u00eb ngjarjet e nd\u00ebrgjegj\u00ebsimit public t\u00eb drejtuara nga t\u00eb rinjt\u00eb<\/strong><\/p>\n<p>5. Eventi p\u00ebrmbyll\u00ebs ne korrik 2026\u00a0 p\u00ebr secalin shtet p\u00ebr t\u00eb angazhuar komunitetet dhe p\u00ebr t\u00eb zgjeruar nd\u00ebrgjegj\u00ebsimin.<\/p>\n<p>Kush mund t\u00eb bashkohet?<br \/>N\u00eb k\u00ebt\u00eb projekt do t\u00eb p\u00ebrfshihen 24 t\u00eb rinj nga mosha 18-30 vjec. Nuk k\u00ebrkoh\u00ebr eksperienc\u00eb ose njohuri t\u00eb gjuh\u00ebs angleze- mjafton t\u00eb jen\u00eb t\u00eb motivuar dhe t\u00eb ken d\u00ebshir\u00eb p\u00ebr t\u00eb mbrojtur mjedisin.<\/p>\n<p>Rezultatet e pritshme<br \/>n\u00eb p\u00ebrfundim t\u00eb k\u00ebtij projeki, pjes\u00ebmarr\u00ebsit do t\u00eb ken\u00eb arritur aft\u00ebsit\u00eb vlefshme, konfidenc\u00eb dhe eksperienca praktike n\u00eb aktivitetet mjedisore. Ata do t\u00eb krjojn\u00eb dhe zhvillojn\u00eb fushatat e tyre n\u00eb evente publike, t\u00eb mb\u00ebshtetura nga trajnime dhe shk\u00ebmbime nd\u00ebrkomb\u00ebtare. P\u00ebrmes k\u00ebtyre aktiviteteve, t\u00eb rinjt\u00eb do t\u00eb reaalizojn\u00eb video dhe intervista p\u00ebr t\u00eb dokumentuar arritjet e tyre , duke siguruar k\u00ebshtu se z\u00ebri dhe\u00a0 prespektiva e tyre do t\u00eb arrij nj\u00eb audienc\u00eb m\u00eb t\u00eb gjer\u00eb. M\u00eb e r\u00ebnd\u00ebsishme, ky projekt do t\u00eb krijoj\u00eb nj\u00eb rrjet t\u00eb q\u00ebndruesh\u00ebm me t\u00eb rinj nd\u00ebrkomb\u00ebtar, duke i dh\u00ebn\u00eb atyre mund\u00ebsin\u00eb p\u00ebr t\u00ebvazhduar bashk\u00ebpunimin p\u00ebrtej koh\u00ebzgjatjes s\u00eb projektit. P\u00ebrpos k\u00ebsaj n\u00eb zvilimin personal ky projekt do t\u00eb forcoj\u00eb kapacitetin e organizatave pjes\u00ebmarr\u00ebse, do t\u00eb rris\u00eb nd\u00ebrgjegj\u00ebsimin public mbi c\u00ebshtjet mjedisore dh\u00eb t\u00eb nxis\u00eb bashk\u00ebpunim m\u00eb t\u00eb ngusht\u00eb mes t\u00eb rinj\u00ebve, ojq-ve bizneseve e autoritetee lokale.<\/p>\n<p>Pse ka r\u00ebnd\u00ebsi?<br \/>ky projekt nuk \u00ebsht\u00eb vet\u00ebm p\u00ebr t\u00eb m\u00ebsuarit \u00ebsht\u00eb p\u00ebr\u00a0 t\u00eb marr\u00eb veprime. Me krijimin e hapsirave p\u00ebr dialog dhe bashk\u00ebpunim mes t\u00eb rinj\u00ebv\u00eb, ojq-ve , bizneseve dhe institucioneve lokale ne synojm\u00eb t\u00eb rrisim nd\u00ebrgjegj\u00ebsimin e Europian Green Deal, Waste Framework Directive dhe\u00a0 perpjekjet m\u00eb t\u00eb gjera t\u00eb BE p\u00ebr t\u00eb b\u00ebr evrop\u00ebn m\u00eb t\u00eb q\u00ebndrueshme.<\/p>\n<p>Q\u00ebndroni gati!<br \/>m\u00eb shum\u00eb informacion mbi m\u00ebnyr\u00ebn e aplikimuit , eventet e ardhshme dhe mund\u00ebsit\u00eb p\u00ebr tu p\u00ebrfshir\u00eb do t\u00eb publikohens\u00eb shpejti, mos humbisni mund\u00ebsin\u00eb p\u00ebr tu bashkuar me ne p\u00ebr t\u00eb form\u00ebsuar nj\u00eb t\u00eb ardhme t\u00eb gjelb\u00ebrt.<br \/>Ndiqni faqen ton\u00eb t\u00eb internetit dhe profilet tona n\u00eb Facebook dhe Instagram p\u00ebr mund\u00ebsit\u00eb dhe ofertat aktuale!<\/p>\n<p>&nbsp;<\/p>\n\n\t\t<\/div>\n\t<\/div>\n\n\t<div  class=\"wpb_single_image wpb_content_element vc_align_center\">\n\t\t\n\t\t<figure class=\"wpb_wrapper vc_figure\">\n\t\t\t<div class=\"vc_single_image-wrapper   vc_box_border_grey\"  ><img loading=\"lazy\" decoding=\"async\" width=\"887\" height=\"403\" src=\"https:\/\/starbalkans.org\/wp-content\/uploads\/2025\/10\/111222.png\" class=\"vc_single_image-img attachment-full\" alt=\"\" srcset=\"https:\/\/starbalkans.org\/wp-content\/uploads\/2025\/10\/111222.png 887w, https:\/\/starbalkans.org\/wp-content\/uploads\/2025\/10\/111222-300x136.png 300w, https:\/\/starbalkans.org\/wp-content\/uploads\/2025\/10\/111222-768x349.png 768w, https:\/\/starbalkans.org\/wp-content\/uploads\/2025\/10\/111222-18x8.png 18w, https:\/\/starbalkans.org\/wp-content\/uploads\/2025\/10\/111222-500x227.png 500w\" sizes=\"auto, (max-width: 887px) 100vw, 887px\" \/><\/div>\n\t\t<\/figure>\n\t<\/div>\n<\/div><\/div><\/div><div class=\"tt-shape tt-shape-top\" data-negative=\"false\"><\/div><div class=\"tt-shape tt-shape-bottom\" data-negative=\"false\"><\/div><\/div>","protected":false},"excerpt":{"rendered":"Projekti I ri I Erasmus+ : Fostering active youth participation in environmental advocacy &nbsp; Jemi t\u00eb emocionuar t\u00eb njoftojm\u00eb publikimin e prajektit ton\u00eb t\u00eb ri nga Erasmus+. Fostering active youth participation in environmental advocacy me num\u00ebr 2025-1-BG01-KA154-YOU-\u00a0000305144).Ky projekt fillon zyrtarisht t\u00eb zbatohet nga 1 shtator 2025 dhe me nj\u00eb koh\u00ebzgjatje deri m\u00eb 31 gusht 2026, [...]","protected":false},"author":1,"featured_media":9739,"parent":0,"menu_order":0,"comment_status":"closed","ping_status":"closed","template":"","meta":{"om_disable_all_campaigns":false,"_monsterinsights_skip_tracking":false,"_monsterinsights_sitenote_active":false,"_monsterinsights_sitenote_note":"","_monsterinsights_sitenote_category":0,"_uf_show_specific_survey":0,"_uf_disable_surveys":false,"footnotes":""},"class_list":["post-9743","page","type-page","status-publish","has-post-thumbnail","hentry"],"aioseo_notices":[],"_links":{"self":[{"href":"https:\/\/starbalkans.org\/sq\/wp-json\/wp\/v2\/pages\/9743","targetHints":{"allow":["GET"]}}],"collection":[{"href":"https:\/\/starbalkans.org\/sq\/wp-json\/wp\/v2\/pages"}],"about":[{"href":"https:\/\/starbalkans.org\/sq\/wp-json\/wp\/v2\/types\/page"}],"author":[{"embeddable":true,"href":"https:\/\/starbalkans.org\/sq\/wp-json\/wp\/v2\/users\/1"}],"replies":[{"embeddable":true,"href":"https:\/\/starbalkans.org\/sq\/wp-json\/wp\/v2\/comments?post=9743"}],"version-history":[{"count":3,"href":"https:\/\/starbalkans.org\/sq\/wp-json\/wp\/v2\/pages\/9743\/revisions"}],"predecessor-version":[{"id":9749,"href":"https:\/\/starbalkans.org\/sq\/wp-json\/wp\/v2\/pages\/9743\/revisions\/9749"}],"wp:featuredmedia":[{"embeddable":true,"href":"https:\/\/starbalkans.org\/sq\/wp-json\/wp\/v2\/media\/9739"}],"wp:attachment":[{"href":"https:\/\/starbalkans.org\/sq\/wp-json\/wp\/v2\/media?parent=9743"}],"curies":[{"name":"wp","href":"https:\/\/api.w.org\/{rel}","templated":true}]}}